{"id":1057,"date":"2025-01-16T13:21:11","date_gmt":"2025-01-16T12:21:11","guid":{"rendered":"http:\/\/euginmed.vl27225.dinaserver.com\/videos\/"},"modified":"2025-01-22T11:16:53","modified_gmt":"2025-01-22T10:16:53","slug":"videos","status":"publish","type":"page","link":"https:\/\/www.euginmed.com\/fr\/videos\/","title":{"rendered":"Vid\u00e9os"},"content":{"rendered":"\n<section  class=\"block-post-type-list-archive py-8 md:py-12 lg:py-20\">\n\n        <div class=\"relative\" data-aos=\"fade-up\">\n            <div class=\"mb-[48px] flex flex-col xl:flex-row max-w-[1612px] m-auto\">\n                <div>\n                    <h1 class=\"mb-[16px] text-xl2 lg:text-4xl font-normal font-heading lg:leading-[55px] text-left text-secondary-500\">Vid\u00e9os<\/h1>                                                                                                <\/div>\n                            <\/div>\n\n                                                                    <div class=\"max-w-[1612px] m-auto grid gap-5 lg:grid-cols-3\">\n                                                                                \n<article data-aos=\"flip-left\" data-aos-delay=\"150\" data-aos-duration=\"1000\">\n\n    <div class=\"w-full h-[420px] lg:h-[596px] relative\">\n        <div class=\"relative\">\n            <a \n                href=\"https:\/\/www.euginmed.com\/fr\/devenir-maman-fonder-une-famille-ce-nest-pas-toujours-un-parcours-sans-embuches-et-parfois-ce-sont-les-montagnes-russes-emotionnelles-surtout-lors-dun-parcours-pma\/\" \n                title=\"Devenir maman, fonder une famille, ce n\u2019est pas toujours un parcours sans embuches. Et parfois, ce sont les montagnes russes \u00e9motionnelles, surtout lors d\u2019un parcours PMA.\"\n                class=\"content-post block flex-grow-0 overflow-hidden\"\n            >\n\n                <img loading=\"lazy\" decoding=\"async\" width=\"285\" height=\"480\" src=\"\/wp-content\/uploads\/2025\/09\/Captura-de-pantalla-2025-09-02-153817-285x480.png\" class=\"object-cover object-center w-full h-[315px] lg:h-[435px] rounded-[40px] wp-post-image\" alt=\"\" srcset=\"\/wp-content\/uploads\/2025\/09\/Captura-de-pantalla-2025-09-02-153817-285x480.png 285w, \/wp-content\/uploads\/2025\/09\/Captura-de-pantalla-2025-09-02-153817-225x380.png 225w, \/wp-content\/uploads\/2025\/09\/Captura-de-pantalla-2025-09-02-153817.png 318w\" sizes=\"auto, (max-width: 285px) 100vw, 285px\" \/>\n                \n            <\/a>\n        <\/div>\n        \n                    <h3 class=\"text-sm lg:text-lg2 mt-5 font-semibold lg:leading-[30px] line-clamp-3\">\n                    <a href=\"https:\/\/www.euginmed.com\/fr\/devenir-maman-fonder-une-famille-ce-nest-pas-toujours-un-parcours-sans-embuches-et-parfois-ce-sont-les-montagnes-russes-emotionnelles-surtout-lors-dun-parcours-pma\/\" class=\"text-text-900 hover:text-secondary content-post\" title=\"Devenir maman, fonder une famille, ce n\u2019est pas toujours un parcours sans embuches. Et parfois, ce sont les montagnes russes \u00e9motionnelles, surtout lors d\u2019un parcours PMA.\">\n                Devenir maman, fonder une famille, ce n\u2019est pas toujours un parcours sans embuches. Et parfois, ce sont les montagnes russes \u00e9motionnelles, surtout lors d\u2019un parcours PMA.            <\/a>\n                    <\/h3>\n        \n        <a \n            href=\"https:\/\/www.euginmed.com\/fr\/devenir-maman-fonder-une-famille-ce-nest-pas-toujours-un-parcours-sans-embuches-et-parfois-ce-sont-les-montagnes-russes-emotionnelles-surtout-lors-dun-parcours-pma\/\" \n            title=\"Devenir maman, fonder une famille, ce n\u2019est pas toujours un parcours sans embuches. Et parfois, ce sont les montagnes russes \u00e9motionnelles, surtout lors d\u2019un parcours PMA.\" \n            class=\"absolute bottom-0 uppercase text-sm lg:text-base font-heading font-bold text-secondary-500 hover:text-secondary underline\">\n            Voir plus        <\/a>\n\n    <\/div>\n\n<\/article>\n<article data-aos=\"flip-left\" data-aos-delay=\"150\" data-aos-duration=\"1000\">\n\n    <div class=\"w-full h-[420px] lg:h-[596px] relative\">\n        <div class=\"relative\">\n            <a \n                href=\"https:\/\/www.euginmed.com\/fr\/est-il-possible-de-guerir-de-lendometriose\/\" \n                title=\"Est-il possible de gu\u00e9rir de l\u2019endom\u00e9triose ?\"\n                class=\"content-post block flex-grow-0 overflow-hidden\"\n            >\n\n                <img loading=\"lazy\" decoding=\"async\" width=\"283\" height=\"480\" src=\"\/wp-content\/uploads\/2025\/09\/Captura-de-pantalla-2025-09-02-151753-283x480.png\" class=\"object-cover object-center w-full h-[315px] lg:h-[435px] rounded-[40px] wp-post-image\" alt=\"\" srcset=\"\/wp-content\/uploads\/2025\/09\/Captura-de-pantalla-2025-09-02-151753-283x480.png 283w, \/wp-content\/uploads\/2025\/09\/Captura-de-pantalla-2025-09-02-151753-224x380.png 224w, \/wp-content\/uploads\/2025\/09\/Captura-de-pantalla-2025-09-02-151753.png 323w\" sizes=\"auto, (max-width: 283px) 100vw, 283px\" \/>\n                \n            <\/a>\n        <\/div>\n        \n                    <h3 class=\"text-sm lg:text-lg2 mt-5 font-semibold lg:leading-[30px] line-clamp-3\">\n                    <a href=\"https:\/\/www.euginmed.com\/fr\/est-il-possible-de-guerir-de-lendometriose\/\" class=\"text-text-900 hover:text-secondary content-post\" title=\"Est-il possible de gu\u00e9rir de l\u2019endom\u00e9triose ?\">\n                Est-il possible de gu\u00e9rir de l\u2019endom\u00e9triose ?            <\/a>\n                    <\/h3>\n        \n        <a \n            href=\"https:\/\/www.euginmed.com\/fr\/est-il-possible-de-guerir-de-lendometriose\/\" \n            title=\"Est-il possible de gu\u00e9rir de l\u2019endom\u00e9triose ?\" \n            class=\"absolute bottom-0 uppercase text-sm lg:text-base font-heading font-bold text-secondary-500 hover:text-secondary underline\">\n            Voir plus        <\/a>\n\n    <\/div>\n\n<\/article>\n<article data-aos=\"flip-left\" data-aos-delay=\"150\" data-aos-duration=\"1000\">\n\n    <div class=\"w-full h-[420px] lg:h-[596px] relative\">\n        <div class=\"relative\">\n            <a \n                href=\"https:\/\/www.euginmed.com\/fr\/la-vitrification-des-embryons-la-vitrification-des-embryons-est-une-technique-de-congelation-qui-preserve-des-embryons-de-haute-qualite-sans-compromettre-leur-integrite-offrant-ainsi-a-nos-patiente\/\" \n                title=\"La vitrification des embryons.\"\n                class=\"content-post block flex-grow-0 overflow-hidden\"\n            >\n\n                <img loading=\"lazy\" decoding=\"async\" width=\"370\" height=\"291\" src=\"\/wp-content\/uploads\/2025\/02\/reel_5.png\" class=\"object-cover object-center w-full h-[315px] lg:h-[435px] rounded-[40px] wp-post-image\" alt=\"\" \/>\n                \n            <\/a>\n        <\/div>\n        \n                    <h3 class=\"text-sm lg:text-lg2 mt-5 font-semibold lg:leading-[30px] line-clamp-3\">\n                    <a href=\"https:\/\/www.euginmed.com\/fr\/la-vitrification-des-embryons-la-vitrification-des-embryons-est-une-technique-de-congelation-qui-preserve-des-embryons-de-haute-qualite-sans-compromettre-leur-integrite-offrant-ainsi-a-nos-patiente\/\" class=\"text-text-900 hover:text-secondary content-post\" title=\"La vitrification des embryons.\">\n                La vitrification des embryons.            <\/a>\n                    <\/h3>\n        \n        <a \n            href=\"https:\/\/www.euginmed.com\/fr\/la-vitrification-des-embryons-la-vitrification-des-embryons-est-une-technique-de-congelation-qui-preserve-des-embryons-de-haute-qualite-sans-compromettre-leur-integrite-offrant-ainsi-a-nos-patiente\/\" \n            title=\"La vitrification des embryons.\" \n            class=\"absolute bottom-0 uppercase text-sm lg:text-base font-heading font-bold text-secondary-500 hover:text-secondary underline\">\n            Voir plus        <\/a>\n\n    <\/div>\n\n<\/article>\n<article data-aos=\"flip-left\" data-aos-delay=\"150\" data-aos-duration=\"1000\">\n\n    <div class=\"w-full h-[420px] lg:h-[596px] relative\">\n        <div class=\"relative\">\n            <a \n                href=\"https:\/\/www.euginmed.com\/fr\/le-rajeunissement-ovarien-ca-vous-parle-cette-nouvelle-technique-permet-de-reactiver-les-ovocytes-dormant-dans-lovaire-dune-femme-pour-augmenter-ses-chances-de-devenir-maman-la-d\/\" \n                title=\"Le rajeunissement ovarien, \u00e7a vous parle ? Cette nouvelle technique permet de r\u00e9activer les ovocytes dormant dans l\u2019ovaire d\u2019une femme pour augmenter ses chances de devenir maman. La Dr. Clara Colom\u00e9 vous explique tout dans cette nouvelle vid\u00e9o.\"\n                class=\"content-post block flex-grow-0 overflow-hidden\"\n            >\n\n                <img loading=\"lazy\" decoding=\"async\" width=\"480\" height=\"340\" src=\"\/wp-content\/uploads\/2025\/02\/reel_4-480x340.png\" class=\"object-cover object-center w-full h-[315px] lg:h-[435px] rounded-[40px] wp-post-image\" alt=\"\" srcset=\"\/wp-content\/uploads\/2025\/02\/reel_4-480x340.png 480w, \/wp-content\/uploads\/2025\/02\/reel_4-380x270.png 380w, \/wp-content\/uploads\/2025\/02\/reel_4.png 595w\" sizes=\"auto, (max-width: 480px) 100vw, 480px\" \/>\n                \n            <\/a>\n        <\/div>\n        \n                    <h3 class=\"text-sm lg:text-lg2 mt-5 font-semibold lg:leading-[30px] line-clamp-3\">\n                    <a href=\"https:\/\/www.euginmed.com\/fr\/le-rajeunissement-ovarien-ca-vous-parle-cette-nouvelle-technique-permet-de-reactiver-les-ovocytes-dormant-dans-lovaire-dune-femme-pour-augmenter-ses-chances-de-devenir-maman-la-d\/\" class=\"text-text-900 hover:text-secondary content-post\" title=\"Le rajeunissement ovarien, \u00e7a vous parle ? Cette nouvelle technique permet de r\u00e9activer les ovocytes dormant dans l\u2019ovaire d\u2019une femme pour augmenter ses chances de devenir maman. La Dr. Clara Colom\u00e9 vous explique tout dans cette nouvelle vid\u00e9o.\">\n                Le rajeunissement ovarien, \u00e7a vous parle ? Cette nouvelle technique permet de r\u00e9activer les ovocytes dormant dans l\u2019ovaire d\u2019une femme pour augmenter ses chances de devenir maman. La Dr. Clara Colom\u00e9 vous explique tout dans cette nouvelle vid\u00e9o.            <\/a>\n                    <\/h3>\n        \n        <a \n            href=\"https:\/\/www.euginmed.com\/fr\/le-rajeunissement-ovarien-ca-vous-parle-cette-nouvelle-technique-permet-de-reactiver-les-ovocytes-dormant-dans-lovaire-dune-femme-pour-augmenter-ses-chances-de-devenir-maman-la-d\/\" \n            title=\"Le rajeunissement ovarien, \u00e7a vous parle ? Cette nouvelle technique permet de r\u00e9activer les ovocytes dormant dans l\u2019ovaire d\u2019une femme pour augmenter ses chances de devenir maman. La Dr. Clara Colom\u00e9 vous explique tout dans cette nouvelle vid\u00e9o.\" \n            class=\"absolute bottom-0 uppercase text-sm lg:text-base font-heading font-bold text-secondary-500 hover:text-secondary underline\">\n            Voir plus        <\/a>\n\n    <\/div>\n\n<\/article>\n<article data-aos=\"flip-left\" data-aos-delay=\"150\" data-aos-duration=\"1000\">\n\n    <div class=\"w-full h-[420px] lg:h-[596px] relative\">\n        <div class=\"relative\">\n            <a \n                href=\"https:\/\/www.euginmed.com\/fr\/techniques-complementaires-chez-eugin-nous-disposons-de-techniques-complementaires-pour-ameliorer-les-traitements-de-procreation-assistee\/\" \n                title=\"Techniques compl\u00e9mentaires Chez Eugin, nous disposons de techniques compl\u00e9mentaires pour am\u00e9liorer les traitements de procr\u00e9ation assist\u00e9e.\"\n                class=\"content-post block flex-grow-0 overflow-hidden\"\n            >\n\n                <img loading=\"lazy\" decoding=\"async\" width=\"293\" height=\"220\" src=\"\/wp-content\/uploads\/2025\/02\/reel_3.png\" class=\"object-cover object-center w-full h-[315px] lg:h-[435px] rounded-[40px] wp-post-image\" alt=\"\" \/>\n                \n            <\/a>\n        <\/div>\n        \n                    <h3 class=\"text-sm lg:text-lg2 mt-5 font-semibold lg:leading-[30px] line-clamp-3\">\n                    <a href=\"https:\/\/www.euginmed.com\/fr\/techniques-complementaires-chez-eugin-nous-disposons-de-techniques-complementaires-pour-ameliorer-les-traitements-de-procreation-assistee\/\" class=\"text-text-900 hover:text-secondary content-post\" title=\"Techniques compl\u00e9mentaires Chez Eugin, nous disposons de techniques compl\u00e9mentaires pour am\u00e9liorer les traitements de procr\u00e9ation assist\u00e9e.\">\n                Techniques compl\u00e9mentaires Chez Eugin, nous disposons de techniques compl\u00e9mentaires pour am\u00e9liorer les traitements de procr\u00e9ation assist\u00e9e.            <\/a>\n                    <\/h3>\n        \n        <a \n            href=\"https:\/\/www.euginmed.com\/fr\/techniques-complementaires-chez-eugin-nous-disposons-de-techniques-complementaires-pour-ameliorer-les-traitements-de-procreation-assistee\/\" \n            title=\"Techniques compl\u00e9mentaires Chez Eugin, nous disposons de techniques compl\u00e9mentaires pour am\u00e9liorer les traitements de procr\u00e9ation assist\u00e9e.\" \n            class=\"absolute bottom-0 uppercase text-sm lg:text-base font-heading font-bold text-secondary-500 hover:text-secondary underline\">\n            Voir plus        <\/a>\n\n    <\/div>\n\n<\/article>                                            <\/div>\n                                \n            \n\n\n        <\/div>\n\n<\/section>","protected":false},"excerpt":{"rendered":"","protected":false},"author":1,"featured_media":0,"parent":0,"menu_order":0,"comment_status":"closed","ping_status":"closed","template":"","meta":{"_acf_changed":false,"footnotes":""},"class_list":["post-1057","page","type-page","status-publish","hentry"],"acf":[],"_links":{"self":[{"href":"https:\/\/www.euginmed.com\/fr\/wp-json\/wp\/v2\/pages\/1057","targetHints":{"allow":["GET"]}}],"collection":[{"href":"https:\/\/www.euginmed.com\/fr\/wp-json\/wp\/v2\/pages"}],"about":[{"href":"https:\/\/www.euginmed.com\/fr\/wp-json\/wp\/v2\/types\/page"}],"author":[{"embeddable":true,"href":"https:\/\/www.euginmed.com\/fr\/wp-json\/wp\/v2\/users\/1"}],"replies":[{"embeddable":true,"href":"https:\/\/www.euginmed.com\/fr\/wp-json\/wp\/v2\/comments?post=1057"}],"version-history":[{"count":1,"href":"https:\/\/www.euginmed.com\/fr\/wp-json\/wp\/v2\/pages\/1057\/revisions"}],"predecessor-version":[{"id":1058,"href":"https:\/\/www.euginmed.com\/fr\/wp-json\/wp\/v2\/pages\/1057\/revisions\/1058"}],"wp:attachment":[{"href":"https:\/\/www.euginmed.com\/fr\/wp-json\/wp\/v2\/media?parent=1057"}],"curies":[{"name":"wp","href":"https:\/\/api.w.org\/{rel}","templated":true}]}}