{"id":1006,"date":"2024-11-27T16:57:43","date_gmt":"2024-11-27T15:57:43","guid":{"rendered":"http:\/\/euginmed.vl27225.dinaserver.com\/politique-de-confidentialite\/"},"modified":"2026-03-17T17:29:12","modified_gmt":"2026-03-17T16:29:12","slug":"politique-de-confidentialite","status":"publish","type":"page","link":"https:\/\/www.euginmed.com\/fr\/politique-de-confidentialite\/","title":{"rendered":"politique de confidentialit\u00e9"},"content":{"rendered":"<div id=\"inner_content-11-300\" class=\"ct-inner-content\">\n<p>La confidentialit\u00e9 et la s\u00e9curit\u00e9 sont des valeurs primordiales deEuvitro, S.L.U. et, par cons\u00e9quent, nous nous engageons \u00e0 garantir \u00e0 tout moment la confidentialit\u00e9 de l&#8217;Utilisateur et \u00e0 ne pas collecter d&#8217;informations inutiles. Ci-dessous, nous vous fournissons toutes les informations n\u00e9cessaires sur notre Politique de Confidentialit\u00e9 relative aux donn\u00e9es personnelles que nous collectons, en expliquant : <\/p>\n<ul>\n<li>Qui est responsable du traitement de vos donn\u00e9es.<\/li>\n<li>\u00c0 quelles fins collectons-nous les donn\u00e9es que nous demandons.<\/li>\n<li>Quelle est la l\u00e9gitimit\u00e9 de votre traitement.<\/li>\n<li>Combien de temps les gardons-nous ?<\/li>\n<li>\u00c0 quels destinataires vos donn\u00e9es sont communiqu\u00e9es.<\/li>\n<li>Quels sont vos droits ?<\/li>\n<\/ul>\n<h2 class=\"wp-block-heading\">1. Responsable&nbsp;:<\/h2>\n<p>Nom de la taxe&nbsp;:  Euvitro, S.L.U.<\/p>\n<p>C\/ Balmes, 236 Barcelona , Barcelona 08006<br \/>e-mail:  pro@eugin.es<\/p>\n<h2 class=\"wp-block-heading\">2. Finalit\u00e9s, l\u00e9gitimit\u00e9 et conservation du traitement des donn\u00e9es transmises via :<\/h2>\n<ul>\n<li>FORMULAIRE DE CONTACT. Finalit\u00e9 : Vous fournir un moyen pour que vous puissiez nous contacter et r\u00e9pondre \u00e0 vos demandes d&#8217;informations, ainsi que vous envoyer des communications sur nos produits, services et activit\u00e9s, y compris par voie \u00e9lectronique (Email, SMS, WhatsApp), si vous cochez la bo\u00eete d&#8217;acceptation. L\u00e9gitimation : Le consentement de l&#8217;utilisateur lorsqu&#8217;il nous demande des informations via notre formulaire de contact et en cochant la case acceptant l&#8217;envoi d&#8217;informations. Conservation : Une fois votre demande soumise via notre formulaire ou r\u00e9pondue par email, si elle n&#8217;a pas g\u00e9n\u00e9r\u00e9 de nouveau traitement, et si vous avez accept\u00e9 de recevoir des exp\u00e9ditions commerciales, jusqu&#8217;\u00e0 ce que vous demandiez leur annulation.   <\/li>\n<li>ENVOI D&#8217;E-MAILS. Finalit\u00e9 : R\u00e9pondre \u00e0 vos demandes d\u2019informations, r\u00e9pondre \u00e0 vos demandes et r\u00e9pondre \u00e0 vos questions ou doutes. L\u00e9gitimation : consentement de l&#8217;utilisateur lorsqu&#8217;il nous demande des informations via l&#8217;adresse e-mail. Conservation : Une fois votre demande r\u00e9pondue par email, si elle n&#8217;a pas g\u00e9n\u00e9r\u00e9 de nouveau traitement.   <\/li>\n<li>ENVOI DE VOTRE CURRICULUM VITAE PAR COURRIEL Objectif : Avoir votre CV \u00e0 disposition pour participer \u00e0 nos processus de s\u00e9lection du personnel. L\u00e9gitimation : Le consentement de l&#8217;utilisateur lorsqu&#8217;il nous envoie ses informations personnelles et son curriculum vitae pour nos processus de s\u00e9lection de personnel. Conservation&nbsp;:&nbsp;Pendant l&#8217;\u00e9laboration des processus ouverts de s\u00e9lection du personnel et pendant 1 an pour les processus futurs.  <\/li>\n<\/ul>\n<h2 class=\"wp-block-heading\">3. Destinataires de vos donn\u00e9es<\/h2>\n<p>Vos donn\u00e9es sont confidentielles et ne seront pas c\u00e9d\u00e9es \u00e0 des tiers, sauf obligation l\u00e9gale.<\/p>\n<h2 class=\"wp-block-heading\">4. Droits relatifs \u00e0 vos donn\u00e9es personnelles<\/h2>\n<p>Toute personne peut retirer son consentement \u00e0 tout moment, lorsqu&#8217;il a \u00e9t\u00e9 accord\u00e9 pour le traitement de ses donn\u00e9es. En aucun cas le retrait de ce consentement ne conditionne l\u2019ex\u00e9cution du contrat d\u2019abonnement ou des relations g\u00e9n\u00e9r\u00e9es pr\u00e9c\u00e9demment. <\/p>\n<p>De m\u00eame, vous pouvez exercer les droits suivants :<\/p>\n<ul>\n<li>Demander l&#8217;acc\u00e8s \u00e0 vos donn\u00e9es personnelles ou leur rectification lorsqu&#8217;elles sont inexactes.<\/li>\n<li>Demander leur suppression lorsque, entre autres raisons, les donn\u00e9es ne sont plus n\u00e9cessaires aux fins pour lesquelles elles ont \u00e9t\u00e9 collect\u00e9es.<\/li>\n<li>Demandez la limitation de votre traitement dans certaines circonstances.<\/li>\n<li>Demander une opposition au traitement de vos donn\u00e9es pour des raisons li\u00e9es \u00e0 votre situation particuli\u00e8re.<\/li>\n<li>Demander la portabilit\u00e9 des donn\u00e9es dans les cas pr\u00e9vus par la r\u00e9glementation.<\/li>\n<li>Autres droits reconnus dans la r\u00e9glementation applicable.<\/li>\n<\/ul>\n<p>O\u00f9 et comment solliciter vos Droits : En \u00e9crivant au responsable \u00e0 son adresse postale ou \u00e9lectronique (indiqu\u00e9e dans la rubrique A), en indiquant la r\u00e9f\u00e9rence \u00ab Donn\u00e9es Personnelles \u00bb, en pr\u00e9cisant le droit que vous souhaitez exercer et pour quelles donn\u00e9es personnelles .<\/p>\n<p>En cas de d\u00e9saccord avec l&#8217;entreprise concernant le traitement de vos donn\u00e9es, vous pouvez d\u00e9poser une r\u00e9clamation aupr\u00e8s de l&#8217;autorit\u00e9 de protection des donn\u00e9es ( <a href=\"\/wp-content\/uploads\/2024\/11\/www.agpd1.es\" target=\"_blank\" rel=\"noopener\">www.agpd.es<\/a> ).<\/p>\n<h2 class=\"wp-block-heading\">5. Cookies<\/h2>\n<p>Ce site Web utilise uniquement des cookies techniques, de personnalisation et d&#8217;analyse, propres et tiers (Google Analytics), qui ne traitent en aucun cas des donn\u00e9es personnelles ni ne capturent les habitudes de navigation \u00e0 des fins publicitaires.<\/p>\n<p>Par cons\u00e9quent, lors de l&#8217;acc\u00e8s \u00e0 notre site Web, conform\u00e9ment \u00e0 l&#8217;article 22 de la loi sur les services de la soci\u00e9t\u00e9 de l&#8217;information, lors du traitement des cookies d&#8217;analyse, nous avons demand\u00e9 votre consentement pour leur utilisation et fourni des informations les concernant qui, dans ce cas, seront install\u00e9es apr\u00e8s un d\u00e9lai raisonnable afin que l\u2019utilisateur ait le temps de d\u00e9cider s\u2019il donne ou non son consentement.<\/p>\n<h2 class=\"wp-block-heading\">6. S\u00e9curit\u00e9 de vos donn\u00e9es personnelles<\/h2>\n<p>Afin de sauvegarder la s\u00e9curit\u00e9 de vos donn\u00e9es personnelles, nous vous informons que nous avons adopt\u00e9 toutes les mesures techniques et organisationnelles n\u00e9cessaires pour garantir la s\u00e9curit\u00e9 des donn\u00e9es personnelles fournies contre l&#8217;alt\u00e9ration, la perte et le traitement ou l&#8217;acc\u00e8s non autoris\u00e9s.<\/p>\n<h2 class=\"wp-block-heading\">7. Mise \u00e0 jour de vos donn\u00e9es<\/h2>\n<p>Il est important que, pour que nous puissions maintenir \u00e0 jour vos donn\u00e9es personnelles, vous nous informiez toujours de toute modification de celles-ci, sinon nous ne sommes pas responsables de leur v\u00e9racit\u00e9.<\/p>\n<p>Nous ne sommes pas responsables de la politique de confidentialit\u00e9 concernant les donn\u00e9es personnelles que vous pourriez fournir \u00e0 des tiers via les liens disponibles sur notre site Internet.<\/p>\n<p>Cette politique de confidentialit\u00e9 peut \u00eatre modifi\u00e9e pour l&#8217;adapter aux changements qui surviennent sur notre site Web, ainsi qu&#8217;aux modifications l\u00e9gislatives ou jurisprudentielles sur les donn\u00e9es personnelles qui peuvent appara\u00eetre, c&#8217;est pourquoi elle n\u00e9cessite de la lire chaque fois que vous nous fournissez vos donn\u00e9es via ce site Web. .<\/p>\n<\/div>\n","protected":false},"excerpt":{"rendered":"<p>La confidentialit\u00e9 et la s\u00e9curit\u00e9 sont des valeurs primordiales de et, par cons\u00e9quent, nous nous engageons \u00e0 garantir \u00e0 tout moment la confidentialit\u00e9 de l&#8217;Utilisateur et \u00e0 ne pas collecter d&#8217;informations inutiles. Ci-dessous, nous vous fournissons toutes les informations n\u00e9cessaires sur notre Politique de Confidentialit\u00e9 relative aux donn\u00e9es personnelles que nous collectons, en expliquant : [&hellip;]<\/p>\n","protected":false},"author":2,"featured_media":0,"parent":0,"menu_order":0,"comment_status":"closed","ping_status":"closed","template":"","meta":{"_acf_changed":false,"footnotes":""},"class_list":["post-1006","page","type-page","status-publish","hentry"],"acf":[],"_links":{"self":[{"href":"https:\/\/www.euginmed.com\/fr\/wp-json\/wp\/v2\/pages\/1006","targetHints":{"allow":["GET"]}}],"collection":[{"href":"https:\/\/www.euginmed.com\/fr\/wp-json\/wp\/v2\/pages"}],"about":[{"href":"https:\/\/www.euginmed.com\/fr\/wp-json\/wp\/v2\/types\/page"}],"author":[{"embeddable":true,"href":"https:\/\/www.euginmed.com\/fr\/wp-json\/wp\/v2\/users\/2"}],"replies":[{"embeddable":true,"href":"https:\/\/www.euginmed.com\/fr\/wp-json\/wp\/v2\/comments?post=1006"}],"version-history":[{"count":1,"href":"https:\/\/www.euginmed.com\/fr\/wp-json\/wp\/v2\/pages\/1006\/revisions"}],"predecessor-version":[{"id":2188,"href":"https:\/\/www.euginmed.com\/fr\/wp-json\/wp\/v2\/pages\/1006\/revisions\/2188"}],"wp:attachment":[{"href":"https:\/\/www.euginmed.com\/fr\/wp-json\/wp\/v2\/media?parent=1006"}],"curies":[{"name":"wp","href":"https:\/\/api.w.org\/{rel}","templated":true}]}}