{"id":1070,"date":"2024-11-27T16:57:43","date_gmt":"2024-11-27T15:57:43","guid":{"rendered":"http:\/\/euginmed.vl27225.dinaserver.com\/datenschutzrichtlinie\/"},"modified":"2026-03-17T17:29:57","modified_gmt":"2026-03-17T16:29:57","slug":"datenschutzrichtlinie","status":"publish","type":"page","link":"https:\/\/www.euginmed.com\/de\/datenschutzrichtlinie\/","title":{"rendered":"Datenschutzrichtlinie"},"content":{"rendered":"<div id=\"inner_content-11-300\" class=\"ct-inner-content\">\n<p>Vertraulichkeit und Sicherheit sind oberste Werte vonEuvitro, S.L.U. und daher \u00fcbernehmen wir die Verpflichtung, die Privatsph\u00e4re des Benutzers jederzeit zu gew\u00e4hrleisten und keine unn\u00f6tigen Informationen zu sammeln. Nachfolgend stellen wir Ihnen alle notwendigen Informationen zu unserer Datenschutzrichtlinie in Bezug auf die von uns erfassten personenbezogenen Daten zur Verf\u00fcgung und erl\u00e4utern Folgendes: <\/p>\n<ul>\n<li>Wer ist f\u00fcr die Verarbeitung Ihrer Daten verantwortlich?<\/li>\n<li>Zu welchen Zwecken erheben wir die von uns erfragten Daten?<\/li>\n<li>Was ist die Legitimit\u00e4t Ihrer Behandlung?<\/li>\n<li>Wie lange bewahren wir sie auf?<\/li>\n<li>An welche Empf\u00e4nger werden Ihre Daten \u00fcbermittelt?<\/li>\n<li>Welche Rechte haben Sie?<\/li>\n<\/ul>\n<h2 class=\"wp-block-heading\">1. Verantwortlich:<\/h2>\n<p>Steuername:  Euvitro, S.L.U.<\/p>\n<p>C\/ Balmes, 236 Barcelona , Barcelona 08006<br \/>E-Mail:  pro@eugin.es<\/p>\n<h2 class=\"wp-block-heading\">2. Zwecke, Rechtm\u00e4\u00dfigkeit und Aufbewahrung der Verarbeitung der \u00fcbermittelten Daten durch:<\/h2>\n<ul>\n<li>KONTAKTFORMULAR. Zweck: Bereitstellung einer M\u00f6glichkeit f\u00fcr Sie, mit uns Kontakt aufzunehmen und auf Ihre Informationsanfragen zu antworten sowie Ihnen Mitteilungen \u00fcber unsere Produkte, Dienstleistungen und Aktivit\u00e4ten zu senden, auch auf elektronischem Wege (E-Mail, SMS, WhatsApp), sofern Sie dies w\u00fcnschen die Kiste der Akzeptanz. Legitimation: Die Einwilligung des Nutzers, wenn er \u00fcber unser Kontaktformular Informationen von uns anfordert und das K\u00e4stchen zur Annahme der Zusendung von Informationen anklickt. Aufbewahrung: Sobald Ihre Anfrage \u00fcber unser Formular eingereicht oder per E-Mail beantwortet wurde, keine neue Behandlung generiert wurde und Sie dem Empfang kommerzieller Lieferungen zugestimmt haben, bis Sie deren Stornierung beantragen.   <\/li>\n<li>E-MAILS VERSENDEN. Zweck: Beantwortung Ihrer Informationsanfragen, Beantwortung Ihrer Anfragen und Beantwortung Ihrer Fragen oder Zweifel. Legitimation: Die Einwilligung des Nutzers, wenn er \u00fcber die E-Mail-Adresse Informationen von uns anfordert. Aufbewahrung: Sobald Ihre Anfrage per E-Mail beantwortet wurde, wird keine neue Behandlung generiert.   <\/li>\n<li>SENDEN SIE IHREN LEBENSLAUF PER E-MAIL Zweck: Halten Sie Ihren Lebenslauf bereit, um an unseren Personalauswahlverfahren teilnehmen zu k\u00f6nnen. Legitimation: Die Einwilligung des Nutzers bei der \u00dcbermittlung seiner pers\u00f6nlichen Daten und seines Lebenslaufs f\u00fcr unsere Personalauswahlprozesse. Aufbewahrung: W\u00e4hrend der Entwicklung offener Personalauswahlprozesse und f\u00fcr 1 Jahr f\u00fcr zuk\u00fcnftige Prozesse.  <\/li>\n<\/ul>\n<h2 class=\"wp-block-heading\">3. Empf\u00e4nger Ihrer Daten<\/h2>\n<p>Ihre Daten werden vertraulich behandelt und nicht an Dritte weitergegeben, sofern keine gesetzliche Verpflichtung besteht.<\/p>\n<h2 class=\"wp-block-heading\">4. Rechte in Bezug auf Ihre personenbezogenen Daten<\/h2>\n<p>Jede Person kann ihre Einwilligung zur Verarbeitung ihrer Daten jederzeit widerrufen. Der Widerruf dieser Einwilligung stellt in keinem Fall eine Bedingung f\u00fcr die Ausf\u00fchrung des Abonnementvertrags oder der zuvor eingegangenen Beziehungen dar. <\/p>\n<p>Ebenso k\u00f6nnen Sie folgende Rechte aus\u00fcben:<\/p>\n<ul>\n<li>Fordern Sie Zugriff auf Ihre personenbezogenen Daten oder deren Berichtigung an, wenn diese unrichtig sind.<\/li>\n<li>Fordern Sie die L\u00f6schung an, wenn die Daten unter anderem aus anderen Gr\u00fcnden f\u00fcr die Zwecke, f\u00fcr die sie erhoben wurden, nicht mehr erforderlich sind.<\/li>\n<li>Fordern Sie unter bestimmten Umst\u00e4nden die Einschr\u00e4nkung Ihrer Behandlung an.<\/li>\n<li>Beantragen Sie Widerspruch gegen die Verarbeitung Ihrer Daten aus Gr\u00fcnden, die sich aus Ihrer besonderen Situation ergeben.<\/li>\n<li>Beantragen Sie die Daten\u00fcbertragbarkeit in den in den Vorschriften vorgesehenen F\u00e4llen.<\/li>\n<li>Weitere in den geltenden Vorschriften anerkannte Rechte.<\/li>\n<\/ul>\n<p>Wo und wie Sie Ihre Rechte beantragen k\u00f6nnen: Indem Sie sich schriftlich an die verantwortliche Person unter deren Post- oder E-Mail-Adresse (siehe Abschnitt A) wenden und dabei den Verweis \u201ePersonenbezogene Daten\u201c angeben und angeben, welches Recht Sie aus\u00fcben m\u00f6chten und in Bezug auf welche personenbezogenen Daten .<\/p>\n<p>Im Falle einer Meinungsverschiedenheit mit dem Unternehmen bez\u00fcglich der Verarbeitung Ihrer Daten k\u00f6nnen Sie eine Beschwerde bei der Datenschutzbeh\u00f6rde ( <a href=\"\/wp-content\/uploads\/2024\/11\/www.agpd3.es\" target=\"_blank\" rel=\"noopener\">www.agpd.es<\/a> ) einreichen.<\/p>\n<h2 class=\"wp-block-heading\">5. Cookies<\/h2>\n<p>Diese Website verwendet ausschlie\u00dflich technische Cookies, Personalisierungs- und Analyse-Cookies, eigene Cookies und Cookies Dritter (Google Analytics), die in keinem Fall personenbezogene Daten verarbeiten oder Surfgewohnheiten f\u00fcr Werbezwecke erfassen.<\/p>\n<p>Daher haben wir beim Zugriff auf unsere Website gem\u00e4\u00df Artikel 22 des Gesetzes \u00fcber die Dienste der Informationsgesellschaft bei der Verarbeitung von Analyse-Cookies Ihre Zustimmung zu deren Verwendung eingeholt und Informationen \u00fcber sie bereitgestellt, die in diesem Fall insgesamt installiert werden eine angemessene Frist, damit der Nutzer Zeit hat, zu entscheiden, ob er seine Einwilligung erteilt oder nicht.<\/p>\n<h2 class=\"wp-block-heading\">6. Sicherheit Ihrer pers\u00f6nlichen Daten<\/h2>\n<p>Um die Sicherheit Ihrer personenbezogenen Daten zu gew\u00e4hrleisten, informieren wir Sie dar\u00fcber, dass wir alle erforderlichen technischen und organisatorischen Ma\u00dfnahmen ergriffen haben, um die Sicherheit der bereitgestellten personenbezogenen Daten vor \u00c4nderung, Verlust und unbefugter Verarbeitung oder unbefugtem Zugriff zu gew\u00e4hrleisten.<\/p>\n<h2 class=\"wp-block-heading\">7. Aktualisierung Ihrer Daten<\/h2>\n<p>Damit wir Ihre personenbezogenen Daten auf dem neuesten Stand halten k\u00f6nnen, ist es wichtig, dass Sie uns stets \u00fcber etwaige \u00c4nderungen informieren. Andernfalls \u00fcbernehmen wir keine Verantwortung f\u00fcr deren Richtigkeit.<\/p>\n<p>Wir sind nicht verantwortlich f\u00fcr die Datenschutzrichtlinien in Bezug auf personenbezogene Daten, die Sie m\u00f6glicherweise \u00fcber die auf unserer Website verf\u00fcgbaren Links an Dritte weitergeben.<\/p>\n<p>Diese Datenschutzrichtlinie kann ge\u00e4ndert werden, um sie an die \u00c4nderungen anzupassen, die auf unserer Website stattfinden, sowie an eventuell auftretende \u00c4nderungen der Gesetzgebung oder Rechtsprechung in Bezug auf personenbezogene Daten, weshalb Sie sie jedes Mal lesen m\u00fcssen, wenn Sie uns Ihre Daten \u00fcber diese Website mitteilen .<\/p>\n<\/div>\n","protected":false},"excerpt":{"rendered":"<p>Vertraulichkeit und Sicherheit sind oberste Werte von und daher \u00fcbernehmen wir die Verpflichtung, die Privatsph\u00e4re des Benutzers jederzeit zu gew\u00e4hrleisten und keine unn\u00f6tigen Informationen zu sammeln. Nachfolgend stellen wir Ihnen alle notwendigen Informationen zu unserer Datenschutzrichtlinie in Bezug auf die von uns erfassten personenbezogenen Daten zur Verf\u00fcgung und erl\u00e4utern Folgendes: Wer ist f\u00fcr die Verarbeitung [&hellip;]<\/p>\n","protected":false},"author":2,"featured_media":0,"parent":0,"menu_order":0,"comment_status":"closed","ping_status":"closed","template":"","meta":{"_acf_changed":false,"footnotes":""},"class_list":["post-1070","page","type-page","status-publish","hentry"],"acf":[],"_links":{"self":[{"href":"https:\/\/www.euginmed.com\/de\/wp-json\/wp\/v2\/pages\/1070","targetHints":{"allow":["GET"]}}],"collection":[{"href":"https:\/\/www.euginmed.com\/de\/wp-json\/wp\/v2\/pages"}],"about":[{"href":"https:\/\/www.euginmed.com\/de\/wp-json\/wp\/v2\/types\/page"}],"author":[{"embeddable":true,"href":"https:\/\/www.euginmed.com\/de\/wp-json\/wp\/v2\/users\/2"}],"replies":[{"embeddable":true,"href":"https:\/\/www.euginmed.com\/de\/wp-json\/wp\/v2\/comments?post=1070"}],"version-history":[{"count":1,"href":"https:\/\/www.euginmed.com\/de\/wp-json\/wp\/v2\/pages\/1070\/revisions"}],"predecessor-version":[{"id":2308,"href":"https:\/\/www.euginmed.com\/de\/wp-json\/wp\/v2\/pages\/1070\/revisions\/2308"}],"wp:attachment":[{"href":"https:\/\/www.euginmed.com\/de\/wp-json\/wp\/v2\/media?parent=1070"}],"curies":[{"name":"wp","href":"https:\/\/api.w.org\/{rel}","templated":true}]}}