{"id":1008,"date":"2024-11-27T16:57:43","date_gmt":"2024-11-27T15:57:43","guid":{"rendered":"http:\/\/euginmed.vl27225.dinaserver.com\/rechtlicher-hinweis\/"},"modified":"2026-03-17T17:29:20","modified_gmt":"2026-03-17T16:29:20","slug":"rechtlicher-hinweis","status":"publish","type":"page","link":"https:\/\/www.euginmed.com\/de\/rechtlicher-hinweis\/","title":{"rendered":"Rechtlicher Hinweis"},"content":{"rendered":"\n<p><strong>Rechtlicher Hinweis, Datenschutz- und Sicherheitspolitik<\/strong><\/p>\n\n\n\n<p>Diese Website ist Eigentum von EUVITRO, S.L.U. (im Folgenden &#8220;EUGIN&#8221;), mit der Umsatzsteuer-Identifikationsnummer B61663506, Sitz in C\/Balmes, 236 (08006), Barcelona, Kontakt per E-Mail unter info@eugin.es und eingetragen im Handelsregister Barcelona, Band 43046, Blatt 201, Seite Nr. B-179875.<\/p>\n\n\n\n<p><strong>Sicherheitspolitik<\/strong><\/p>\n\n\n\n<p>Im Bewusstsein der Bedeutung der Informationssicherheit und im Einklang mit unserer Unternehmensidentit\u00e4t hat die Eugin-Gruppe die Einrichtung eines Informationssicherheits-Managementsystems (ISMS) gef\u00f6rdert, das den Anforderungen der Norm ISO\/IEC 27001:2013 entspricht. Ziel ist es, Risiken zu identifizieren, zu bewerten und zu minimieren, denen Informationen des Unternehmens und seiner Patienten ausgesetzt sind, sowie die Einhaltung der festgelegten Ziele sicherzustellen.<\/p>\n\n\n\n<p>Ziel dieser Sicherheitspolitik ist es, einen Bezugsrahmen f\u00fcr die Festlegung von Sicherheitszielen bereitzustellen, der es uns erm\u00f6glicht, eine Unternehmenskultur, eine Arbeitsweise und Entscheidungsprozesse innerhalb der Eugin-Gruppe im Einklang mit der Informationssicherheit zu entwickeln und die Achtung personenbezogener Daten sicherzustellen.<\/p>\n\n\n\n<p>Dies umfasst:<\/p>\n\n\n\n<ul class=\"wp-block-list\">\n<li>Die Wahrung der Vertraulichkeit von Patienteninformationen und deren Schutz vor unbefugtem Zugriff oder Weitergabe.<\/li>\n\n\n\n<li>Die Sicherstellung der Integrit\u00e4t und Verf\u00fcgbarkeit der Patienteninformationen sowie der Softwareintegrit\u00e4t.<\/li>\n<\/ul>\n\n\n\n<p>Das Management betrachtet als Hauptkriterium f\u00fcr die Risikobewertung die Bewertung der Verf\u00fcgbarkeit, Integrit\u00e4t und Vertraulichkeit der Informationen, insbesondere derjenigen von Patienten und Beteiligten. Daher verpflichtet sich das Unternehmen, sein ISMS kontinuierlich zu entwickeln, umzusetzen, zu warten und zu verbessern.<\/p>\n\n\n\n<p>Die Sicherheitspolitik der Eugin-Gruppe umfasst:<\/p>\n\n\n\n<ul class=\"wp-block-list\">\n<li>J\u00e4hrliche Ziele zur Informationssicherheit festlegen;<\/li>\n\n\n\n<li>Gesetzliche, vertragliche und kommerzielle Anforderungen einhalten;<\/li>\n\n\n\n<li>Mitarbeiterschulungen und Sensibilisierung f\u00fcr Informationssicherheitsprozesse durchf\u00fchren;<\/li>\n\n\n\n<li>Analyse-, Management- und Risikobehandlungsprozesse f\u00fcr Informationswerte implementieren;<\/li>\n\n\n\n<li>Kontrollziele und zugeh\u00f6rige Ma\u00dfnahmen zur Risikominderung definieren;<\/li>\n\n\n\n<li>Die Verantwortung der Mitarbeiter f\u00fcr den Schutz der Vertraulichkeit, Integrit\u00e4t und Verf\u00fcgbarkeit von Informationswerten festlegen.<\/li>\n<\/ul>\n\n\n\n<p>Diese Sicherheitspolitik ist stets mit den allgemeinen Unternehmensrichtlinien und anderen internen Managementsystemen wie Qualit\u00e4ts-, Umwelt- und Arbeitsschutzrichtlinien abzustimmen.<\/p>\n\n\n\n<p><strong>Rechtlicher Hinweis \u2013 Datenschutzrichtlinie<\/strong><\/p>\n\n\n\n<p>Die geltenden Datenschutzvorschriften verlangen, dass unter Ber\u00fccksichtigung des Stands der Technik, der Implementierungskosten sowie Art, Umfang, Kontext und Zweck der Verarbeitung sowie der Risiken f\u00fcr die Rechte und Freiheiten betroffener Personen geeignete technische und organisatorische Ma\u00dfnahmen zur Risikominimierung getroffen werden.<\/p>\n\n\n\n<p>Diese Ma\u00dfnahmen umfassen unter anderem:<\/p>\n\n\n\n<ul class=\"wp-block-list\">\n<li>Pseudonymisierung und Verschl\u00fcsselung personenbezogener Daten;<\/li>\n\n\n\n<li>Sicherstellung der st\u00e4ndigen Vertraulichkeit, Integrit\u00e4t, Verf\u00fcgbarkeit und Belastbarkeit von Verarbeitungssystemen;<\/li>\n\n\n\n<li>Wiederherstellung der Verf\u00fcgbarkeit und des Zugriffs auf personenbezogene Daten im Falle physischer oder technischer Zwischenf\u00e4lle;<\/li>\n\n\n\n<li>Regelm\u00e4\u00dfige Tests und Bewertungen zur Wirksamkeit der getroffenen Ma\u00dfnahmen.<\/li>\n<\/ul>\n\n\n\n<p>Bei \u00dcbertragungen \u00fcber das Internet ist sicherzustellen, dass die Daten verschl\u00fcsselt sind, um unbefugten Zugriff zu verhindern. In diesem Sinne hat EUGIN alle technisch m\u00f6glichen Ma\u00dfnahmen ergriffen. VERISIGN, ein f\u00fchrender Anbieter f\u00fcr Internetsicherheit, best\u00e4tigt die sichere Verschl\u00fcsselung der Daten und die Authentifizierung der Website.<\/p>\n\n\n\n<p>Diese Erkl\u00e4rung definiert unsere Datenschutzpolitik f\u00fcr die von Ihnen bereitgestellten Informationen bei Annahme dieser Bedingungen. Durch Annahme erkl\u00e4rt sich der Nutzer ausdr\u00fccklich mit der Aufnahme seiner Kontaktdaten in unsere Systeme einverstanden.<\/p>\n\n\n\n<p><strong>Verantwortlicher f\u00fcr die Datenverarbeitung<\/strong> Verantwortlich ist Euvitro, S.L.U., mit Sitz in C\/Balmes, 236 (08006), Barcelona, E-Mail: info@eugin.es. Unser Datenschutzbeauftragter ist unter dpo@eugin.es erreichbar.<\/p>\n\n\n\n<p><strong>Zweck der Verarbeitung<\/strong> Die Erhebung und Nutzung personenbezogener Daten erfolgt nur mit Ihrer freiwilligen Einwilligung, au\u00dfer in den F\u00e4llen des n\u00e4chsten Abschnitts (\u201eVerarbeitung zur Erm\u00f6glichung des Websitezugangs\u201c). Die Bestimmungen gelten f\u00fcr folgende Zwecke:<\/p>\n\n\n\n<p><strong>Weitergabe Ihrer Daten<\/strong> EUGIN wird Ihre erforderlichen Daten an Dienstleister weitergeben, die mit der Durchf\u00fchrung des Behandlungsvertrags betraut sind. Diese Dritten d\u00fcrfen die Daten ausschlie\u00dflich zweckgebunden gem\u00e4\u00df der vertraglichen Regelung verarbeiten.<\/p>\n\n\n\n<p><strong>Speicherdauer der Daten<\/strong><\/p>\n\n\n\n<ul class=\"wp-block-list\">\n<li>Bis zu 15 Jahre nach Aufnahme in das Behandlungsprotokoll bei Patienten.<\/li>\n\n\n\n<li>Bis zu 30 Jahre nach klinischer Nutzung oder Ablauf der gewonnenen Zellen bei Spendern.<\/li>\n<\/ul>\n\n\n\n<p><strong>Weitere Verarbeitungszwecke<\/strong> Jede andere Nutzung bedarf Ihrer ausdr\u00fccklichen Zustimmung. Im Falle einer abweichenden Verarbeitung erhalten Sie vorab entsprechende Informationen und k\u00f6nnen zustimmen oder ablehnen.<\/p>\n\n\n\n<p><strong>Rechtsgrundlage der Verarbeitung<\/strong> Die Verarbeitung basiert auf Art. 6 DSGVO i.V.m. dem Gesetz 14\/1986 \u00fcber die allgemeine Gesundheitsversorgung.<\/p>\n\n\n\n<p><strong>Website-Nutzung und Datenverarbeitung<\/strong> Beim Besuch der Website werden technische Nutzungsdaten (z. B. IP-Adresse, Sitzungszeiten, Login-Daten) erfasst und nach Zweckerf\u00fcllung gel\u00f6scht.<\/p>\n\n\n\n<p><strong>1. Pseudonymisierte Profile f\u00fcr Werbung &amp; Analyse<\/strong> EUGIN nutzt Webtracking f\u00fcr Werbung, Marktforschung und zur Optimierung der Website. Es werden pseudonymisierte Profile erstellt, jedoch nicht mit personenbezogenen Daten verkn\u00fcpft. Sie k\u00f6nnen dem jederzeit widersprechen oder Cookies im Browser deaktivieren.<\/p>\n\n\n\n<p><strong>2. Daten durch Dritte \/ soziale Netzwerke<\/strong> Links zu sozialen Netzwerken (z. B. Facebook, LinkedIn, etc.) f\u00fchren zu Daten\u00fcbertragungen an diese Drittanbieter. Bitte informieren Sie sich in den jeweiligen Datenschutzrichtlinien der Betreiber.<\/p>\n\n\n\n<p><strong>3. Datenweitergabe an Dritte<\/strong> Keine Weitergabe ohne Ihre ausdr\u00fcckliche Zustimmung, gesetzliche Verpflichtung oder berechtigtes Interesse. Daten k\u00f6nnen konzernintern zur Zweckerf\u00fcllung weitergeleitet werden.<\/p>\n\n\n\n<p><strong>Rechtliche Hinweise &#8211; Kommunikationspolitik der Eugin-Klinik<\/strong><\/p>\n\n\n\n<p>Die Eugin-Klinik verpflichtet sich, die pers\u00f6nlichen Daten, die Sie uns mitteilen, zu sch\u00fctzen. Diese Erkl\u00e4rung definiert unsere Datenschutzpolitik in Bezug auf die Informationen, die Sie uns zur Verf\u00fcgung stellen, wenn Sie diese Bedingungen akzeptieren. Indem Sie diese allgemeinen Bedingungen akzeptieren, stimmen Sie ausdr\u00fccklich zu, dass Ihre Kontaktdaten in unseren Dateien f\u00fcr die vorgesehenen Zwecke gespeichert werden.<\/p>\n\n\n\n<p>&#8211; Versenden von kommerziellen Mitteilungen: Um kommerzielle Mitteilungen \u00fcber die von EUGIN angebotenen Dienstleistungen sowohl in Papierform als auch in elektronischer Form oder \u00fcber jede andere Telekommunikationsmethode zu versenden.<\/p>\n\n\n\n<p>&#8211; Andere kommerzielle Mitteilungen: EUGIN kann die zur Verf\u00fcgung gestellten personenbezogenen Daten (z. B. Kontaktinformationen und personenbezogene Daten wie Geburtsdatum und Interessen) verarbeiten, um spezifische Informationen \u00fcber seine Dienstleistungen zu versenden, Marktforschung zu betreiben oder andere Arten von Marketingkommunikation (z. B. Informationen \u00fcber Veranstaltungen und\/oder Messen) zu versenden.<\/p>\n\n\n\n<p>&#8211; Dauer der Datenspeicherung: Die personenbezogenen Daten werden auf Wunsch des Nutzers gel\u00f6scht.<\/p>\n\n\n\n<p>&#8211; Berechtigung zur Verarbeitung: Die Rechtsgrundlage f\u00fcr die Verarbeitung Ihrer personenbezogenen Daten zu den oben genannten Zwecken ist die vom Nutzer mit der Annahme dieser Allgemeinen Gesch\u00e4ftsbedingungen erteilte Zustimmung, die gem\u00e4\u00df den der Eugin-Klinik ausdr\u00fccklich erteilten Zustimmungen gilt.<\/p>\n\n\n\n<p>&#8211; Aus\u00fcbung der Nutzerrechte: Die Nutzer k\u00f6nnen auf ihre personenbezogenen Daten zugreifen, die Berichtigung unrichtiger Daten oder gegebenenfalls deren L\u00f6schung verlangen, wenn die Daten f\u00fcr die Zwecke, f\u00fcr die sie erhoben wurden, nicht mehr erforderlich sind. Die Nutzer haben das Recht, auf ihre Daten zuzugreifen, sie zu berichtigen, ihre L\u00f6schung zu verlangen oder ihrer Verarbeitung zu widersprechen sowie ihre Einwilligung jederzeit zu widerrufen, ohne dass dadurch die Rechtm\u00e4\u00dfigkeit der auf einer vorherigen Einwilligung beruhenden Verarbeitung ber\u00fchrt wird. Um diese Rechte auszu\u00fcben, sollten die Nutzer eine E-Mail senden an: dpo@eugin.es.<\/p>\n\n\n\n<p>&#8211; Beschwerden bei der Datenschutzbeh\u00f6rde: Die Nutzer k\u00f6nnen sich mit Beschwerden \u00fcber die Verarbeitung ihrer personenbezogenen Daten an die spanische Datenschutzbeh\u00f6rde (www.aepd.es) wenden.<\/p>\n\n\n\n<p><strong>Verwendung der Website<\/strong><\/p>\n\n\n\n<ol start=\"1\" class=\"wp-block-list\">\n<li>Die bereitgestellten Informationen dienen der Unterst\u00fctzung, ersetzen aber nicht die Beziehung zwischen Patient und Arzt.<\/li>\n\n\n\n<li>Die Website bietet aktuelle, allgemeine Informationen zur assistierten Reproduktion, auf verst\u00e4ndliche Weise f\u00fcr eine breite \u00d6ffentlichkeit formuliert, erg\u00e4nzt durch Illustrationen und Grafiken. F\u00fcr individuelle F\u00e4lle steht ein gesch\u00fctzter Bereich zur Verf\u00fcgung.<\/li>\n<\/ol>\n\n\n\n<p>Inhalte werden von einem Redaktionsteam unter der Leitung von Dr. Daniel Matar\u00f3 (Zulassungsnummer 35691) erstellt und regelm\u00e4\u00dfig aktualisiert. Kontakt: info@eugin.es<\/p>\n\n\n\n<p>Die Website enth\u00e4lt keine Werbung und somit keinen Interessenskonflikt. Inhalte d\u00fcrfen nur mit Genehmigung reproduziert werden.<\/p>\n\n\n\n<p>Alle grafischen Inhalte sind Eigentum von EUGIN. Vervielf\u00e4ltigung und Verbreitung sind untersagt.<\/p>\n\n\n\n<p><strong>Anonyme Nutzung der Website<\/strong><\/p>\n\n\n\n<p>Bei EUGIN, dem Eigent\u00fcmer von www.euginmed.com, sammeln und speichern wir nur die folgenden Informationen \u00fcber die Besucher unserer Website:<\/p>\n\n\n\n<p>a. Die IP-Adresse, die den Zugang zum Netz erm\u00f6glicht. Dies hilft uns bei der Erstellung von Statistiken \u00fcber die L\u00e4nder und Server, die unsere Website am h\u00e4ufigsten besuchen.<\/p>\n\n\n\n<p>b. Das Datum und die Uhrzeit des Zugriffs auf unsere Website. Auf diese Weise k\u00f6nnen wir die Spitzenzeiten der Nutzung ermitteln und die notwendigen Anpassungen vornehmen, um eine \u00dcberlastung w\u00e4hrend der Spitzenzeiten zu vermeiden.<\/p>\n\n\n\n<p>c. Die Anzahl der aufgerufenen Seiten, die Dauer des Aufrufs, die Einstiegs- und Ausstiegsseiten und der verwendete Klickpfad. Dies hilft uns, die Inhalte f\u00fcr die Nutzer zu priorisieren und die Website durch Konzentration auf die beliebtesten Bereiche zu verbessern.<\/p>\n\n\n\n<p>d. Die Internetadresse, von der der Link zu unserer Website ausgeht. Dies hilft uns, die Wirksamkeit der verschiedenen Links und Banner, die zu unserem Server f\u00fchren, zu verstehen, damit wir die effektivsten f\u00f6rdern k\u00f6nnen.<\/p>\n\n\n\n<p>Die erhaltenen Informationen sind v\u00f6llig anonym und k\u00f6nnen nicht mit einem bestimmten, identifizierten Nutzer in Verbindung gebracht werden.<\/p>\n\n\n\n<p><strong>Cookie-Richtlinie von euginmed.com<\/strong><\/p>\n\n\n\n<p>EUGIN verwendet auf euginmed.com eigene Cookies und Cookies von Drittanbietern, um die Nutzung der Website zu analysieren und Ihnen auf der Grundlage eines aus Ihren Surfgewohnheiten (z. B. besuchte Seiten) erstellten Profils Werbung zu zeigen, die Ihren Pr\u00e4ferenzen entspricht. Wir bem\u00fchen uns, Ihnen klare und pr\u00e4zise Informationen \u00fcber Cookies zu geben, indem wir Ihnen erkl\u00e4ren, was sie sind, wozu sie dienen, welche Arten wir verwenden, welchen Zweck sie haben und wie Sie sie aktivieren oder deaktivieren k\u00f6nnen.<\/p>\n\n\n\n<p><strong>Was ist ein Cookie<\/strong><\/p>\n\n\n\n<p>Cookies sind kleine Textdateien mit Browsing-Informationen, die auf dem Computer, Tablet oder einem anderen Ger\u00e4t des Nutzers gespeichert werden. Cookies helfen uns, die Qualit\u00e4t unserer Website zu verbessern und Informationen dar\u00fcber zu erhalten, welche Seiten besucht werden und welche verbessert werden m\u00fcssen.<\/p>\n\n\n\n<p>Cookies sind f\u00fcr den Betrieb des Internets unerl\u00e4sslich: Sie bieten zahlreiche Vorteile bei der Bereitstellung interaktiver Dienste, erleichtern das Surfen und verbessern die Nutzererfahrung.<\/p>\n\n\n\n<p>Cookies k\u00f6nnen Ihr Ger\u00e4t nicht besch\u00e4digen. Im Gegenteil: Wenn sie aktiviert sind, helfen sie uns, Navigationsfehler zu erkennen und zu korrigieren.<\/p>\n\n\n\n<p><strong>Arten und Zwecke der Cookies<\/strong><\/p>\n\n\n\n<p>1. Entsprechend der Dauer, die Cookies aktiv bleiben:<\/p>\n\n\n\n<ul class=\"wp-block-list\">\n<li>Sitzungscookies: Sie dienen der Erfassung und Speicherung von Daten, w\u00e4hrend der Nutzer eine Webseite aufruft.<\/li>\n\n\n\n<li>Dauerhafte Cookies: Die Daten werden auf dem Endger\u00e4t gespeichert und k\u00f6nnen f\u00fcr einen bestimmten Zeitraum abgerufen und verarbeitet werden.<\/li>\n<\/ul>\n\n\n\n<p>2. Je nach der Einrichtung, die die Seite verwaltet:<\/p>\n\n\n\n<ul class=\"wp-block-list\">\n<li>Erstanbieter-Cookies: Werden von unseren eigenen Computern oder Dom\u00e4nen an Ihr Ger\u00e4t gesendet, um den von Ihnen angeforderten Dienst bereitzustellen.<\/li>\n\n\n\n<li>Cookies von Drittanbietern: Werden von einem Ger\u00e4t oder einer Dom\u00e4ne gesendet, die nicht von uns, sondern von einem Partner verwaltet werden (z. B. soziale Netzwerke oder externe Inhaltsanbieter wie Google Maps).<\/li>\n<\/ul>\n\n\n\n<p>3. Je nach Zweck:<\/p>\n\n\n\n<ul class=\"wp-block-list\">\n<li>Technische Cookies: Erm\u00f6glichen es den Nutzern, auf einer Website, Plattform oder App zu surfen und verschiedene Optionen oder Dienste zu nutzen, wie z. B. die Kontrolle des Datenverkehrs, die Sitzungsidentifizierung, den Zugriff auf pers\u00f6nliche Bereiche, den Abschluss eines Kaufs oder die Buchung einer medizinischen Dienstleistung, die Nutzung von Sicherheitselementen, die Speicherung von Audio-\/Videoinhalten oder das Teilen von Inhalten in sozialen Medien.<\/li>\n\n\n\n<li>Anpassungs-Cookies: Erm\u00f6glichen den Nutzern den Zugriff auf die Website von EUGIN mit vordefinierten allgemeinen Merkmalen (z. B. Sprache, Browsertyp, regionale Einstellungen). Wenn Sie sich in unserem privaten Bereich registrieren, identifizieren unsere eigenen Cookies Sie als registrierten Benutzer und zeigen an, wann Sie sich angemeldet haben. Diese Cookies identifizieren Ihr Konto und Ihre Dienste. Sie bleiben bestehen, bis Sie sich abmelden, Ihren Browser schlie\u00dfen oder Ihr Ger\u00e4t ausschalten. Im elektronischen Gesch\u00e4ftsverkehr speichern sie Informationen \u00fcber den Einkaufswagen.<\/li>\n\n\n\n<li>Analyse-Cookies: Erm\u00f6glichen die Verfolgung und Analyse des Nutzerverhaltens auf Websites. Die Informationen werden verwendet, um die Besucherzahlen von Websites, Apps oder Plattformen zu messen und Navigationsprofile zu erstellen, um den Inhalt auf der Grundlage der Benutzerpr\u00e4ferenzen zu verbessern.<\/li>\n\n\n\n<li>Werbe-Cookies: Effiziente Verwaltung von Werbefl\u00e4chen, um Anzeigen f\u00fcr Nutzer attraktiver und f\u00fcr Werbetreibende wertvoller zu machen. Sie werden in der Regel verwendet, um Anzeigen auf der Grundlage von Nutzerprofilen auszuw\u00e4hlen, die Leistung von Kampagnen zu verbessern und zu vermeiden, dass dieselben Anzeigen wiederholt angezeigt werden.<\/li>\n\n\n\n<li>Verhaltensbasierte Werbe-Cookies: Speichern Informationen zum Nutzerverhalten \u00fcber die Surfgewohnheiten, um ein spezifisches Profil zu erstellen und gezielte Werbung anzuzeigen.<\/li>\n\n\n\n<li>Geolokalisierungs-Cookies: Werden von Programmen verwendet, die versuchen, den Computer, das Smartphone, das Tablet oder das angeschlossene Fernsehger\u00e4t des Nutzers geografisch zu lokalisieren, um anonym geeignetere Inhalte und Dienste anzubieten.<\/li>\n\n\n\n<li>Externe Cookies f\u00fcr soziale Medien: Erm\u00f6glichen es Besuchern, mit Inhalten verschiedener sozialer Plattformen (z. B. Facebook, YouTube, Twitter, LinkedIn) zu interagieren. Diese Cookies werden nur f\u00fcr Nutzer sozialer Netzwerke generiert. Die Nutzungsbedingungen und die gesammelten Informationen unterliegen den Datenschutzrichtlinien der jeweiligen Netzwerke.<\/li>\n<\/ul>\n\n\n\n<p><strong>Von EUGIN verwendete Cookies<\/strong><\/p>\n\n\n\n<p>Bei EUGIN werden keine pers\u00f6nlichen Daten der Nutzer gespeichert, es sei denn, sie registrieren sich bewusst im privaten Bereich. Beim Surfen auf unserer Website werden die folgenden Arten von Cookies installiert:<\/p>\n\n\n\n<figure class=\"wp-block-table\"><table class=\"has-fixed-layout\"><thead><tr><th><strong>Art der Cookies<\/strong><\/th><th><strong>Zweck<\/strong><\/th><th><strong>Dauer<\/strong><\/th><\/tr><\/thead><tbody><tr><td><strong>Technisch<\/strong><\/td><td>Gew\u00e4hrleistung des ordnungsgem\u00e4\u00dfen Funktionierens der Website; Erkennung, ob der Benutzer, der auf die Website zugreift, die Verwendung von JavaScript (eine Skriptsprache, die unter anderem die Benutzererfahrung verbessert) aktiviert hat, oder Aufrechterhaltung der Sitzung im Inhaltsmanager.<\/td><td>Dauerhaft<\/td><\/tr><tr><td><strong>Analytics<\/strong><\/td><td>Erm\u00f6glicht die anonyme Identifizierung von Nutzern, die \u00fcber ein \u201cCookie\u201c (identifiziert Browser und Ger\u00e4te, nicht Personen) surfen, und sch\u00e4tzt so die Anzahl der Besucher und ihre Entwicklung im Laufe der Zeit. Anonyme Identifizierung der meistbesuchten und attraktivsten Inhalte. Feststellen, ob ein Nutzer neu ist oder wiederkommt. Diese Cookies werden nur zu statistischen Zwecken verwendet, um das Nutzererlebnis zu optimieren und zu verbessern.<\/td><td>Sitzung \/ Dauerhaft<\/td><\/tr><tr><td><strong>Erstanbieter-Werbung<\/strong><\/td><td>Dauer oder H\u00e4ufigkeit der Werbeeinblendung, Interaktion mit diesen oder die Surfgewohnheiten und\/oder das Verhalten der Nutzer werden neben anderen Daten gespeichert, um zur Bildung eines Nutzerinteressenprofils beizutragen. Dies erm\u00f6glicht gezielte Werbung.<\/td><td>Sitzung<\/td><\/tr><tr><td><strong>Werbung von Dritten<\/strong><\/td><td>Werbetreibende, Werbebetreiber und andere Vermittler k\u00f6nnen \u00fcber EUGIN Cookies in den Browsern der Nutzer speichern und auf die gespeicherten Daten zugreifen. Unternehmen, die diese Cookies erzeugen, haben ihre eigenen Datenschutzrichtlinien.<\/td><td>Dauerhaft<\/td><\/tr><tr><td><strong>Soziale Medien<\/strong><\/td><td>H\u00e4ngt vom jeweiligen sozialen Netzwerk ab.<\/td><td>Sitzung \/ Dauerhaft<\/td><\/tr><\/tbody><\/table><\/figure>\n\n\n\n<p><strong>Einverst\u00e4ndnis<\/strong><\/p>\n\n\n\n<p>Wenn der Nutzer sein Einverst\u00e4ndnis gibt, verwendet EUGIN Werbe-, Analyse-, Geolokalisierungs- und Social-Media-Cookies f\u00fcr die oben genannten Zwecke, mit Ausnahme von technischen Cookies, die auf Ihrem Ger\u00e4t installiert werden, sobald Sie auf unsere Website zugreifen und darin surfen, da sie f\u00fcr das ordnungsgem\u00e4\u00dfe Funktionieren der Website erforderlich sind.<\/p>\n\n\n\n<p><strong>Deaktivierung von Cookies<\/strong><\/p>\n\n\n\n<p>Die Nutzer haben die M\u00f6glichkeit, Cookies zu blockieren oder zu l\u00f6schen, indem sie die Optionen ihres Browsers konfigurieren. Viele Browser erlauben die Aktivierung eines privaten Modus, in dem die Cookies nach Ihrem Besuch gel\u00f6scht werden. Bitte lesen Sie den Hilfeabschnitt Ihres Browsers sorgf\u00e4ltig durch, um mehr dar\u00fcber zu erfahren, wie Sie den privaten Modus aktivieren k\u00f6nnen. Sie k\u00f6nnen unsere Website auch im privaten Modus besuchen, auch wenn Ihr Surferlebnis m\u00f6glicherweise nicht optimal ist und bestimmte Funktionen nicht korrekt funktionieren.<\/p>\n\n\n\n<p>Nachstehend finden Sie Links mit Informationen dar\u00fcber, wie Sie Ihre Einstellungen f\u00fcr die wichtigsten Browser konfigurieren k\u00f6nnen:<\/p>\n\n\n\n<ul class=\"wp-block-list\">\n<li><a href=\"\/wp-content\/uploads\/2024\/11\/95647?hl=es1\">Google Chrome<\/a><\/li>\n\n\n\n<li><a href=\"\/wp-content\/uploads\/2024\/11\/habilitar-y-deshabilitar-cookies-que-los-sitios-we\">Mozilla Firefox<\/a><\/li>\n\n\n\n<li><a href=\"\/wp-content\/uploads\/2024\/11\/block-or-allow-cookies\">Internet Explorer<\/a><\/li>\n\n\n\n<li><a href=\"https:\/\/support.apple.com\/kb\/PH21411?locale=es_ES\" target=\"_blank\" rel=\"noopener\">Safari<\/a><\/li>\n\n\n\n<li><a href=\"\/wp-content\/uploads\/2024\/11\/ht1677?viewlocale=es_es&amp;locale=es_es1\">Safari para iOS (iPhone &amp; iPad)<\/a><\/li>\n\n\n\n<li><a href=\"\/wp-content\/uploads\/2024\/11\/2392971?hl=es1\">Google Chrome iOS &amp; Android<\/a><\/li>\n<\/ul>\n\n\n\n<p>Letzte Aktualisierung: 2. Juni 2025<\/p>\n","protected":false},"excerpt":{"rendered":"<p>Rechtlicher Hinweis, Datenschutz- und Sicherheitspolitik Diese Website ist Eigentum von EUVITRO, S.L.U. (im Folgenden &#8220;EUGIN&#8221;), mit der Umsatzsteuer-Identifikationsnummer B61663506, Sitz in C\/Balmes, 236 (08006), Barcelona, Kontakt per E-Mail unter info@eugin.es und eingetragen im Handelsregister Barcelona, Band 43046, Blatt 201, Seite Nr. B-179875. Sicherheitspolitik Im Bewusstsein der Bedeutung der Informationssicherheit und im Einklang mit unserer Unternehmensidentit\u00e4t [&hellip;]<\/p>\n","protected":false},"author":2,"featured_media":0,"parent":0,"menu_order":0,"comment_status":"closed","ping_status":"closed","template":"","meta":{"_acf_changed":false,"footnotes":""},"class_list":["post-1008","page","type-page","status-publish","hentry"],"acf":[],"_links":{"self":[{"href":"https:\/\/www.euginmed.com\/de\/wp-json\/wp\/v2\/pages\/1008","targetHints":{"allow":["GET"]}}],"collection":[{"href":"https:\/\/www.euginmed.com\/de\/wp-json\/wp\/v2\/pages"}],"about":[{"href":"https:\/\/www.euginmed.com\/de\/wp-json\/wp\/v2\/types\/page"}],"author":[{"embeddable":true,"href":"https:\/\/www.euginmed.com\/de\/wp-json\/wp\/v2\/users\/2"}],"replies":[{"embeddable":true,"href":"https:\/\/www.euginmed.com\/de\/wp-json\/wp\/v2\/comments?post=1008"}],"version-history":[{"count":3,"href":"https:\/\/www.euginmed.com\/de\/wp-json\/wp\/v2\/pages\/1008\/revisions"}],"predecessor-version":[{"id":2214,"href":"https:\/\/www.euginmed.com\/de\/wp-json\/wp\/v2\/pages\/1008\/revisions\/2214"}],"wp:attachment":[{"href":"https:\/\/www.euginmed.com\/de\/wp-json\/wp\/v2\/media?parent=1008"}],"curies":[{"name":"wp","href":"https:\/\/api.w.org\/{rel}","templated":true}]}}